{"id":86,"date":"2020-12-17T10:44:43","date_gmt":"2020-12-17T10:44:43","guid":{"rendered":"https:\/\/beanfactory.ch\/?page_id=86"},"modified":"2020-12-17T21:45:19","modified_gmt":"2020-12-17T21:45:19","slug":"ueber-uns","status":"publish","type":"page","link":"https:\/\/beanfactory.ch\/?page_id=86","title":{"rendered":"\u00dcber uns"},"content":{"rendered":"<p>[et_pb_section fb_built=&#8220;1&#8243; fullwidth=&#8220;on&#8220; admin_label=&#8220;Coffee Hero Section&#8220; _builder_version=&#8220;4.6.6&#8243; locked=&#8220;off&#8220;][et_pb_fullwidth_header title=&#8220;\u00dcber uns&#8220; text_orientation=&#8220;center&#8220; logo_image_url=&#8220;https:\/\/beanfactory.ch\/wp-content\/uploads\/2020\/11\/logo.svg&#8220; content_max_width_last_edited=&#8220;off|desktop&#8220; _builder_version=&#8220;4.6.6&#8243; title_font=&#8220;Oswald|||on|&#8220; title_text_align=&#8220;center&#8220; title_font_size=&#8220;80px&#8220; title_letter_spacing=&#8220;0.05em&#8220; title_line_height=&#8220;1.5em&#8220; content_font=&#8220;Nunito||||||||&#8220; content_font_size=&#8220;20px&#8220; subhead_font=&#8220;Nunito|600|||||||&#8220; subhead_font_size=&#8220;20px&#8220; subhead_line_height=&#8220;1.9em&#8220; background_enable_color=&#8220;off&#8220; background_color_gradient_direction=&#8220;324deg&#8220; background_image=&#8220;https:\/\/beanfactory.ch\/wp-content\/uploads\/2020\/12\/shutterstock_1062058397_c.jpg&#8220; custom_button_one=&#8220;on&#8220; button_one_text_size=&#8220;15px&#8220; button_one_bg_color=&#8220;#dca57d&#8220; button_one_border_width=&#8220;10px&#8220; button_one_border_color=&#8220;#dca57d&#8220; button_one_border_radius=&#8220;0px&#8220; button_one_letter_spacing=&#8220;3px&#8220; button_one_font=&#8220;Oswald|||on|&#8220; button_one_use_icon=&#8220;off&#8220; background_layout=&#8220;light&#8220; custom_margin=&#8220;|||&#8220; animation_style=&#8220;fade&#8220; animation_starting_opacity=&#8220;50%&#8220; animation_speed_curve=&#8220;ease-in&#8220; title_font_size_tablet=&#8220;60px&#8220; title_font_size_phone=&#8220;40px&#8220; title_font_size_last_edited=&#8220;on|phone&#8220; button_one_border_color_hover=&#8220;#c99872&#8243; button_one_border_radius_hover=&#8220;0px&#8220; button_one_letter_spacing_hover=&#8220;3px&#8220; button_one_bg_color_hover=&#8220;#c99872&#8243; button_one_text_size__hover_enabled=&#8220;off&#8220; button_two_text_size__hover_enabled=&#8220;off&#8220; button_one_text_color__hover_enabled=&#8220;off&#8220; button_two_text_color__hover_enabled=&#8220;off&#8220; button_one_border_width__hover_enabled=&#8220;off&#8220; button_two_border_width__hover_enabled=&#8220;off&#8220; button_one_border_color__hover_enabled=&#8220;on&#8220; button_one_border_color__hover=&#8220;#c99872&#8243; button_two_border_color__hover_enabled=&#8220;off&#8220; button_one_border_radius__hover_enabled=&#8220;on&#8220; button_one_border_radius__hover=&#8220;0px&#8220; button_two_border_radius__hover_enabled=&#8220;off&#8220; button_one_letter_spacing__hover_enabled=&#8220;on&#8220; button_one_letter_spacing__hover=&#8220;3px&#8220; button_two_letter_spacing__hover_enabled=&#8220;off&#8220; button_one_bg_color__hover_enabled=&#8220;on&#8220; button_one_bg_color__hover=&#8220;#c99872&#8243; button_two_bg_color__hover_enabled=&#8220;off&#8220;]<\/p>\n<p>Wir sind K\u00fcnstler und teilen die Leidenschaft f\u00fcr Kaffee. Bei Bean Factory verschmelzen Perfektion und Kreativit\u00e4t zu einem einzigartigen Verst\u00e4ndnis von Kaffee.<\/p>\n<p>[\/et_pb_fullwidth_header][\/et_pb_section][et_pb_section fb_built=&#8220;1&#8243; admin_label=&#8220;Best Beans&#8220; _builder_version=&#8220;3.22&#8243; background_color_gradient_direction=&#8220;90deg&#8220; custom_padding=&#8220;0px|0px|0px|0px&#8220;][et_pb_row column_structure=&#8220;1_2,1_2&#8243; use_custom_gutter=&#8220;on&#8220; gutter_width=&#8220;1&#8243; make_equal=&#8220;on&#8220; admin_label=&#8220;Best Beans Row&#8220; module_class=&#8220; et_pb_row_fullwidth&#8220; _builder_version=&#8220;4.6.6&#8243; width=&#8220;100%&#8220; width_tablet=&#8220;100%&#8220; width_phone=&#8220;&#8220; width_last_edited=&#8220;on|desktop&#8220; max_width=&#8220;100%&#8220; max_width_tablet=&#8220;100%&#8220; max_width_phone=&#8220;&#8220; max_width_last_edited=&#8220;on|desktop&#8220; custom_margin=&#8220;|||&#8220; custom_padding=&#8220;0px|0px|0px|0px&#8220; make_fullwidth=&#8220;on&#8220;][et_pb_column type=&#8220;1_2&#8243; _builder_version=&#8220;4.6.6&#8243; background_image=&#8220;https:\/\/beanfactory.ch\/wp-content\/uploads\/2020\/12\/pietro.jpg&#8220; custom_padding=&#8220;|||&#8220; custom_padding__hover=&#8220;|||&#8220;][et_pb_text _builder_version=&#8220;4.6.6&#8243; _module_preset=&#8220;default&#8220; custom_padding=&#8220;38%||38%||true|false&#8220;][\/et_pb_text][\/et_pb_column][et_pb_column type=&#8220;1_2&#8243; _builder_version=&#8220;4.6.6&#8243; custom_padding=&#8220;|10%||10%|false|false&#8220; custom_css_main_element=&#8220;margin: auto;&#8220; custom_padding__hover=&#8220;|||&#8220;][et_pb_text admin_label=&#8220;Tittle&#8220; _builder_version=&#8220;4.6.6&#8243; text_font=&#8220;Nunito||||||||&#8220; text_font_size=&#8220;18px&#8220; text_line_height=&#8220;1.8em&#8220; header_text_align=&#8220;center&#8220; header_3_font=&#8220;Oswald|||on|||||&#8220; header_3_font_size=&#8220;42px&#8220; header_3_letter_spacing=&#8220;2px&#8220; header_3_line_height=&#8220;1.5em&#8220; max_width=&#8220;600px&#8220; max_width_tablet=&#8220;&#8220; max_width_phone=&#8220;&#8220; max_width_last_edited=&#8220;on|phone&#8220; module_alignment=&#8220;left&#8220; custom_margin=&#8220;|||&#8220; custom_padding=&#8220;22%||22%||true|false&#8220; locked=&#8220;off&#8220;]<\/p>\n<h3>Nur wer die Musik&#8230;<\/h3>\n<p>&#8230;einem Publikum pr\u00e4sentiert, hat diese hohe leidenschaftliche Kunst verstanden. Auch f\u00fcr die hohe Kunst des R\u00f6stens ben\u00f6tigt es Leidenschaft. Erst wenn der Barista seinen Gast mit kreierten Aromen und unvergesslichem Geschmack verf\u00fchren kann, verspr\u00fcht er jedoch diese Leidenschaft und Begeisterung f\u00fcr diesen kunstvollen Beruf.<\/p>\n<p><strong>Pietro Catalano<\/strong><br \/> Gr\u00fcnder Bean Factory &amp; Gault Millau Koch<\/p>\n<p>[\/et_pb_text][\/et_pb_column][\/et_pb_row][\/et_pb_section]<\/p>\n","protected":false},"excerpt":{"rendered":"<p>[et_pb_section fb_built=&#8220;1&#8243; fullwidth=&#8220;on&#8220; admin_label=&#8220;Coffee Hero Section&#8220; _builder_version=&#8220;4.6.6&#8243; locked=&#8220;off&#8220;][et_pb_fullwidth_header title=&#8220;\u00dcber uns&#8220; text_orientation=&#8220;center&#8220; logo_image_url=&#8220;https:\/\/beanfactory.ch\/wp-content\/uploads\/2020\/11\/logo.svg&#8220; content_max_width_last_edited=&#8220;off|desktop&#8220; _builder_version=&#8220;4.6.6&#8243; title_font=&#8220;Oswald|||on|&#8220; title_text_align=&#8220;center&#8220; title_font_size=&#8220;80px&#8220; title_letter_spacing=&#8220;0.05em&#8220; title_line_height=&#8220;1.5em&#8220; content_font=&#8220;Nunito||||||||&#8220; content_font_size=&#8220;20px&#8220; subhead_font=&#8220;Nunito|600|||||||&#8220; subhead_font_size=&#8220;20px&#8220; subhead_line_height=&#8220;1.9em&#8220; background_enable_color=&#8220;off&#8220; background_color_gradient_direction=&#8220;324deg&#8220; background_image=&#8220;https:\/\/beanfactory.ch\/wp-content\/uploads\/2020\/12\/shutterstock_1062058397_c.jpg&#8220; custom_button_one=&#8220;on&#8220; button_one_text_size=&#8220;15px&#8220; button_one_bg_color=&#8220;#dca57d&#8220; button_one_border_width=&#8220;10px&#8220; button_one_border_color=&#8220;#dca57d&#8220; button_one_border_radius=&#8220;0px&#8220; button_one_letter_spacing=&#8220;3px&#8220; button_one_font=&#8220;Oswald|||on|&#8220; button_one_use_icon=&#8220;off&#8220; background_layout=&#8220;light&#8220; custom_margin=&#8220;|||&#8220; animation_style=&#8220;fade&#8220; animation_starting_opacity=&#8220;50%&#8220; animation_speed_curve=&#8220;ease-in&#8220; title_font_size_tablet=&#8220;60px&#8220; title_font_size_phone=&#8220;40px&#8220; title_font_size_last_edited=&#8220;on|phone&#8220; button_one_border_color_hover=&#8220;#c99872&#8243; button_one_border_radius_hover=&#8220;0px&#8220; button_one_letter_spacing_hover=&#8220;3px&#8220; button_one_bg_color_hover=&#8220;#c99872&#8243; button_one_text_size__hover_enabled=&#8220;off&#8220; button_two_text_size__hover_enabled=&#8220;off&#8220; button_one_text_color__hover_enabled=&#8220;off&#8220; button_two_text_color__hover_enabled=&#8220;off&#8220; button_one_border_width__hover_enabled=&#8220;off&#8220; button_two_border_width__hover_enabled=&#8220;off&#8220; button_one_border_color__hover_enabled=&#8220;on&#8220; [&hellip;]<\/p>\n","protected":false},"author":1,"featured_media":0,"parent":0,"menu_order":0,"comment_status":"closed","ping_status":"closed","template":"","meta":{"_et_pb_use_builder":"on","_et_pb_old_content":"","_et_gb_content_width":""},"_links":{"self":[{"href":"https:\/\/beanfactory.ch\/index.php?rest_route=\/wp\/v2\/pages\/86"}],"collection":[{"href":"https:\/\/beanfactory.ch\/index.php?rest_route=\/wp\/v2\/pages"}],"about":[{"href":"https:\/\/beanfactory.ch\/index.php?rest_route=\/wp\/v2\/types\/page"}],"author":[{"embeddable":true,"href":"https:\/\/beanfactory.ch\/index.php?rest_route=\/wp\/v2\/users\/1"}],"replies":[{"embeddable":true,"href":"https:\/\/beanfactory.ch\/index.php?rest_route=%2Fwp%2Fv2%2Fcomments&post=86"}],"version-history":[{"count":19,"href":"https:\/\/beanfactory.ch\/index.php?rest_route=\/wp\/v2\/pages\/86\/revisions"}],"predecessor-version":[{"id":264,"href":"https:\/\/beanfactory.ch\/index.php?rest_route=\/wp\/v2\/pages\/86\/revisions\/264"}],"wp:attachment":[{"href":"https:\/\/beanfactory.ch\/index.php?rest_route=%2Fwp%2Fv2%2Fmedia&parent=86"}],"curies":[{"name":"wp","href":"https:\/\/api.w.org\/{rel}","templated":true}]}}